{"id":1786,"date":"2023-07-01T10:07:27","date_gmt":"2023-07-01T10:07:27","guid":{"rendered":"https:\/\/dinastycoin.com\/?page_id=1786"},"modified":"2026-05-03T09:46:28","modified_gmt":"2026-05-03T09:46:28","slug":"download-dinastycoin","status":"publish","type":"page","link":"https:\/\/dinastycoin.com\/en\/download-dinastycoin\/","title":{"rendered":"Download Dynastycoin"},"content":{"rendered":"<h1 data-pm-slice=\"1 1 []\">Download ufficiali \u2014 Tesla369<\/h1>\n<p>Questa \u00e8 la pagina <strong>ufficiale<\/strong> per scaricare i wallet e i binari <strong>Tesla369<\/strong>.<\/p>\n<p>Per la tua sicurezza, ogni file \u00e8 accompagnato da:<\/p>\n<ol>\n<li><strong>SHA256<\/strong> (integrit\u00e0)<\/li>\n<li><strong>Firma GPG<\/strong> (autenticit\u00e0)<\/li>\n<\/ol>\n<ul>\n<li>se hai problemi a scaricare dal sito. puoi usare questo <a href=\"https:\/\/limewire.com\/d\/MHdSn#G2GyyIjUd4\">link<\/a> alternativo dove trovi Wallet Gui per windows e Android (per tablet) e la blockchain gold (da copiare al posto del file data.mdb)<\/li>\n<li>In questo <a href=\"https:\/\/limewire.com\/d\/RzfPl#4tmp882agg\">link<\/a> puoi\u00a0 trovare i Binari per Linux\/ubuntu e Windows\/dos che includono daemon wallet cli wallet rpc e utility varie<\/li>\n<\/ul>\n<h2>Chiave pubblica (GPG) per verificare le firme<\/h2>\n<ul>\n<li>Scarica la chiave pubblica (ZIP): <strong>[Download not found]<\/strong><\/li>\n<li>Fingerprint ufficiale:\u00a0<b> BD7B 62B4 F524 00899 B6FE 87AE 6B94 1272 753F 2A3<\/b><\/li>\n<\/ul>\n<p>Import (dopo aver estratto il file dalla ZIP):dir<\/p>\n<pre><code>gpg --import dinastycoinclub-releases-publickey.asc<\/code><\/pre>\n<h2>Wallet GUI \u2014 Windows<\/h2>\n<ul>\n<li>Download (ZIP): <strong><a  data-e-Disable-Page-Transition=\"true\" class=\"download-link\" title=\"\" href=\"https:\/\/dinastycoin.com\/en\/download\/2361\/?tmstv=1778008976\" rel=\"nofollow\" id=\"download-link-2361\" data-redirect=\"false\" >\n\tDinastycoin wallet gui tesla 369 per windows 8.3.4\t(805 downloads\t)\n<\/a>\n<\/strong><\/li>\n<li>SHA256 (ZIP): <strong>[Download not found]<\/strong><\/li>\n<li>Firma GPG (ZIP): <strong>[Download not found]<\/strong><\/li>\n<li>Download alternativo performante <a href=\"https:\/\/limewire.com\/d\/MHdSn#G2GyyIjUd4\">qui<\/a>:<\/li>\n<\/ul>\n<h2>Wallet GUI \u2014 Android<\/h2>\n<ul>\n<li>Download (ZIP): <strong style=\"color: initial;\"><a  data-e-Disable-Page-Transition=\"true\" class=\"download-link\" title=\"\" href=\"https:\/\/dinastycoin.com\/en\/download\/2382\/?tmstv=1778008976\" rel=\"nofollow\" id=\"download-link-2382\" data-redirect=\"false\" >\n\tdinastycoin-gui-android\t(11 downloads\t)\n<\/a>\n<\/strong><b style=\"color: initial;\">\u00a0<\/b><\/li>\n<li>SHA256 (ZIP):\u00a0 <strong><a  data-e-Disable-Page-Transition=\"true\" class=\"download-link\" title=\"\" href=\"https:\/\/dinastycoin.com\/en\/download\/2403\/?tmstv=1778008976\" rel=\"nofollow\" id=\"download-link-2403\" data-redirect=\"false\" >\n\tdinastycoin-gui-android.zip.sha256\t(3 downloads\t)\n<\/a>\n<\/strong><b>\u00a0<\/b><\/li>\n<li>Firma GPG (ZIP): <strong><a  data-e-Disable-Page-Transition=\"true\" class=\"download-link\" title=\"\" href=\"https:\/\/dinastycoin.com\/en\/download\/2407\/?tmstv=1778008976\" rel=\"nofollow\" id=\"download-link-2407\" data-redirect=\"false\" >\n\tdinastycoin-gui-android.zip.sha256.zip\t(7 downloads\t)\n<\/a>\n <\/strong><strong>\u00a0 \u00a0<\/strong><\/li>\n<\/ul>\n<h2>Linux Ubuntu 20.04 \u2014 Daemon \/ wallet-cli \/ wallet-rpc<\/h2>\n<ul>\n<li>Download (ZIP): <strong><a  data-e-Disable-Page-Transition=\"true\" class=\"download-link\" title=\"\" href=\"https:\/\/dinastycoin.com\/en\/download\/2390\/?tmstv=1778008976\" rel=\"nofollow\" id=\"download-link-2390\" data-redirect=\"false\" >\n\tDinastycoin Tesla 369 linux Cli Ubunto 20.04\t(401 downloads\t)\n<\/a>\n<\/strong><\/li>\n<li>SHA256 (ZIP): <strong><a  data-e-Disable-Page-Transition=\"true\" class=\"download-link\" title=\"\" href=\"https:\/\/dinastycoin.com\/en\/download\/2415\/?tmstv=1778008976\" rel=\"nofollow\" id=\"download-link-2415\" data-redirect=\"false\" >\n\tLinux Daemon\/CLI\/RPC SHA256 (zip) Ubuntu 20.04\t(37 downloads\t)\n<\/a>\n<\/strong><\/li>\n<li>Firma GPG (ZIP): <strong><a  data-e-Disable-Page-Transition=\"true\" class=\"download-link\" title=\"\" href=\"https:\/\/dinastycoin.com\/en\/download\/2417\/?tmstv=1778008976\" rel=\"nofollow\" id=\"download-link-2417\" data-redirect=\"false\" >\n\tLinux Daemon\/CLI\/RPC firma ASC (zip) Ubuntu 20.04:\t(399 downloads\t)\n<\/a>\n<\/strong><\/li>\n<\/ul>\n<h2>Linux Ubuntu 22.04 \u2014 Daemon \/ wallet-cli \/ wallet-rpc<\/h2>\n<ul>\n<li>Download (ZIP): <strong><a  data-e-Disable-Page-Transition=\"true\" class=\"download-link\" title=\"\" href=\"https:\/\/dinastycoin.com\/en\/download\/2501\/?tmstv=1778008976\" rel=\"nofollow\" id=\"download-link-2501\" data-redirect=\"false\" >\n\tDinastycoin Tesla 369 linux Cli Ubuntu 22.04\t(23 downloads\t)\n<\/a>\n<\/strong><\/li>\n<li>SHA256 (ZIP): <strong><a  data-e-Disable-Page-Transition=\"true\" class=\"download-link\" title=\"\" href=\"https:\/\/dinastycoin.com\/en\/download\/2495\/?tmstv=1778008976\" rel=\"nofollow\" id=\"download-link-2495\" data-redirect=\"false\" >\n\tLinux Daemon\/CLI\/RPC SHA256 (zip) Ubuntu 22.04\t(20 downloads\t)\n<\/a>\n<\/strong><\/li>\n<li>Firma GPG (ZIP): <strong><a  data-e-Disable-Page-Transition=\"true\" class=\"download-link\" title=\"\" href=\"https:\/\/dinastycoin.com\/en\/download\/2505\/?tmstv=1778008976\" rel=\"nofollow\" id=\"download-link-2505\" data-redirect=\"false\" >\n\tLinux Daemon\/CLI\/RPC firma ASC (zip) Ubuntu 22.04:\t(19 downloads\t)\n<\/a>\n<\/strong><\/li>\n<\/ul>\n<h2>Linux Ubuntu 24.04 \u2014 Daemon \/ wallet-cli \/ wallet-rpc<\/h2>\n<ul>\n<li>Download (ZIP): <strong><a  data-e-Disable-Page-Transition=\"true\" class=\"download-link\" title=\"\" href=\"https:\/\/dinastycoin.com\/en\/download\/2508\/?tmstv=1778008976\" rel=\"nofollow\" id=\"download-link-2508\" data-redirect=\"false\" >\n\tDinastycoin Tesla 369 linux Cli Ubuntu 24.04\t(29 downloads\t)\n<\/a>\n<\/strong><\/li>\n<li>SHA256 (ZIP): <strong><a  data-e-Disable-Page-Transition=\"true\" class=\"download-link\" title=\"\" href=\"https:\/\/dinastycoin.com\/en\/download\/2515\/?tmstv=1778008976\" rel=\"nofollow\" id=\"download-link-2515\" data-redirect=\"false\" >\n\tLinux Daemon\/CLI\/RPC SHA256 (zip) Ubuntu 24.04\t(22 downloads\t)\n<\/a>\n<\/strong><\/li>\n<li>Firma GPG (ZIP): <strong><a  data-e-Disable-Page-Transition=\"true\" class=\"download-link\" title=\"\" href=\"https:\/\/dinastycoin.com\/en\/download\/2519\/?tmstv=1778008976\" rel=\"nofollow\" id=\"download-link-2519\" data-redirect=\"false\" >\n\tLinux Daemon\/CLI\/RPC firma ASC (zip) Ubuntu 24.04:\t(13 downloads\t)\n<\/a>\n<\/strong><\/li>\n<\/ul>\n<h2>DOS \u2014 Daemon \/ wallet-cli \/ wallet-rpc<\/h2>\n<ul>\n<li>Download (ZIP): <strong><a  data-e-Disable-Page-Transition=\"true\" class=\"download-link\" title=\"\" href=\"https:\/\/dinastycoin.com\/en\/download\/2393\/?tmstv=1778008976\" rel=\"nofollow\" id=\"download-link-2393\" data-redirect=\"false\" >\n\tDinastycoin tesla 369 Window\/DOS -CLI\t(502 downloads\t)\n<\/a>\n<\/strong><\/li>\n<li>SHA256 (ZIP): <strong><a  data-e-Disable-Page-Transition=\"true\" class=\"download-link\" title=\"\" href=\"https:\/\/dinastycoin.com\/en\/download\/2421\/?tmstv=1778008976\" rel=\"nofollow\" id=\"download-link-2421\" data-redirect=\"false\" >\n\tDOS Daemon\/CLI\/RPC SHA256 (zip):\t(348 downloads\t)\n<\/a>\n<\/strong><\/li>\n<li>Firma GPG (ZIP): <strong>[Download not found]<\/strong><\/li>\n<\/ul>\n<h2>BLOCKCHAIN\u2014 Aggiornata a 19-04-2026<\/h2>\n<ul>\n<li>Download (ZIP): <strong><a  data-e-Disable-Page-Transition=\"true\" class=\"download-link\" title=\"\" href=\"https:\/\/dinastycoin.com\/en\/download\/2544\/?tmstv=1778008976\" rel=\"nofollow\" id=\"download-link-2544\" data-redirect=\"false\" >\n\tGold Blockchain (zip) aggiornata 21 aprile 2026\t(323 downloads\t)\n<\/a>\n<\/strong><\/li>\n<li>SHA256 (ZIP): <strong><a  data-e-Disable-Page-Transition=\"true\" class=\"download-link\" title=\"\" href=\"https:\/\/dinastycoin.com\/en\/download\/2539\/?tmstv=1778008976\" rel=\"nofollow\" id=\"download-link-2539\" data-redirect=\"false\" >\n\tGold Blockchain SHA256 asc (zip) aggiornata 21 aprile 2026\t(13 downloads\t)\n<\/a>\n<\/strong><\/li>\n<li>Firma GPG (ZIP): <strong><a  data-e-Disable-Page-Transition=\"true\" class=\"download-link\" title=\"\" href=\"https:\/\/dinastycoin.com\/en\/download\/2534\/?tmstv=1778008976\" rel=\"nofollow\" id=\"download-link-2534\" data-redirect=\"false\" >\n\tGold Blockchain SHA256 (zip) aggiornata 21 aprile 2026\t(8 downloads\t)\n<\/a>\n<\/strong><\/li>\n<li>Se hai problemi a scaricare la Blockchain Gold usa questo <a href=\"https:\/\/limewire.com\/d\/MHdSn#G2GyyIjUd4\">link<\/a> alternativo:<\/li>\n<\/ul>\n<h2>Procedura di sostituzione della blockchain con la GOLD<\/h2>\n<p>Per chi?: Tutti coloro che non riescono a sincronizzare il proprio wallet per qualsisi sistema operativo da windows a linux<\/p>\n<p>step 1) scarica la blockchain <strong><a  data-e-Disable-Page-Transition=\"true\" class=\"download-link\" title=\"\" href=\"https:\/\/dinastycoin.com\/en\/download\/2544\/?tmstv=1778008976\" rel=\"nofollow\" id=\"download-link-2544\" data-redirect=\"false\" >\n\tGold Blockchain (zip) aggiornata 21 aprile 2026\t(323 downloads\t)\n<\/a>\n\u00a0<\/strong><\/p>\n<p>step 2) copia il file zip scaricato nella cartella c:\\Programdata\\dinastycoin\\lmdb\u00a0 se sei in windows o \/home\/[[utentecorrente]\/.dinastycoin se sei in linux. Quindi scomprimilo usando un programma tipo winzipo\/winrar o unzip in Linux sostituendo se esiste ancora il data.lmdb corrente<\/p>\n<p>Cancella in quella cartella il file lock.mdb e in \\dinastycoin ogni file\u00a0 puoi lasciarla anche vuota alla fine dovresti avere<\/p>\n<p>dinastycoin&#8211;|<\/p>\n<p>|lmdb\\data.mdb<\/p>\n<p>Quindi puoi riavviare wallet o direttamente il dinastycoind.<\/p>\n<p>Consiglio Seed Node Ufficiali:\u00a0 Usa sempre nei parametri add-priority-node seedX.dinastycoin.com dove al posto di X metti un numero da 1 a 4.. come porta come bootstrap nel wallet gui consigliabile uno dei 4 nodi\u00a0 porta da usare 37176 esempio seed1.dinastycoin.com:37176<\/p>\n<h2>Verifica (consigliata) \u2014 SHA256 + Firma GPG<\/h2>\n<ol>\n<li>Estrai lo zip Principale e i 2 zip relativi SHA256 e Firma ad esempio:<\/li>\n<\/ol>\n<ul>\n<li><strong style=\"color: var( --e-global-color-text ); font-family: var( --e-global-typography-text-font-family ), Sans-serif; font-style: inherit; text-transform: inherit;\">per\u00a0<a style=\"transition: var(--sp-transition);\" title=\"\" href=\"https:\/\/dinastycoin.com\/download\/2361\/?tmstv=1770752467\" rel=\"nofollow\" data-e-disable-page-transition=\"true\" data-redirect=\"false\">Dinastycoin wallet gui tesla 369 <\/a>.\u00a0\u00a0<\/strong><\/li>\n<li><strong style=\"color: var( --e-global-color-text ); font-family: var( --e-global-typography-text-font-family ), Sans-serif; font-style: inherit; text-transform: inherit;\">1)\u00a0<a style=\"transition: var(--sp-transition);\" title=\"\" href=\"https:\/\/dinastycoin.com\/download\/2397\/?tmstv=1770752467\" rel=\"nofollow\" data-e-disable-page-transition=\"true\" data-redirect=\"false\">Windows GUI SHA256\u00a0<\/a>. <\/strong>scomprimilo ed estrai il file: dinastycoinwalletgui8.3.2b.zip.sha256<\/li>\n<li>#\u00a02)\u00a0<strong><a style=\"transition: var(--sp-transition);\" title=\"\" href=\"https:\/\/dinastycoin.com\/download\/2399\/?tmstv=1770752467\" rel=\"nofollow\" data-e-disable-page-transition=\"true\" data-redirect=\"false\">Windows GUI firma ASC<\/a>\u00a0.\u00a0<\/strong>scomprimilo ed estrai il file: dinastycoinwalletgui8.3.2b.zip.sha256.asc<\/li>\n<\/ul>\n<ol start=\"2\">\n<li>Verifica la firma del file SHA256 usa utility GPG (\u00a0Windows (verifica firme): per usare <code style=\"font-weight: var( --e-global-typography-text-font-weight ); text-transform: inherit; --tw-border-spacing-x: 0; --tw-border-spacing-y: 0; --tw-translate-x: 0; --tw-translate-y: 0; --tw-rotate: 0; --tw-skew-x: 0; --tw-skew-y: 0; --tw-scale-x: 1; --tw-scale-y: 1; --tw-scroll-snap-strictness: proximity; --tw-ring-offset-width: 0px; --tw-ring-offset-color: #fff; --tw-ring-color: rgb(59 130 246\/0.5); --tw-ring-offset-shadow: 0 0 #0000; --tw-ring-shadow: 0 0 #0000; --tw-shadow: 0 0 #0000; --tw-shadow-colored: 0 0 #0000; border: 0px solid #e5e7eb; font-family: ui-monospace, SFMono-Regular, Menlo, Monaco, Consolas, 'Liberation Mono', 'Courier New', monospace; font-feature-settings: normal; font-variation-settings: normal; font-size: 0.875rem; border-radius: 0.25rem; padding-top: 0.125rem; padding-bottom: 0.125rem; line-height: 1.25rem; font-style: italic; white-space-collapse: preserve-breaks;\">gpg<\/code> su Windows devi installare Gpg4win (include GnuPG). Dopo l\u2019installazione puoi verificare da PowerShell con <code style=\"font-weight: var( --e-global-typography-text-font-weight ); text-transform: inherit; --tw-border-spacing-x: 0; --tw-border-spacing-y: 0; --tw-translate-x: 0; --tw-translate-y: 0; --tw-rotate: 0; --tw-skew-x: 0; --tw-skew-y: 0; --tw-scale-x: 1; --tw-scale-y: 1; --tw-scroll-snap-strictness: proximity; --tw-ring-offset-width: 0px; --tw-ring-offset-color: #fff; --tw-ring-color: rgb(59 130 246\/0.5); --tw-ring-offset-shadow: 0 0 #0000; --tw-ring-shadow: 0 0 #0000; --tw-shadow: 0 0 #0000; --tw-shadow-colored: 0 0 #0000; border: 0px solid #e5e7eb; font-family: ui-monospace, SFMono-Regular, Menlo, Monaco, Consolas, 'Liberation Mono', 'Courier New', monospace; font-feature-settings: normal; font-variation-settings: normal; font-size: 0.875rem; border-radius: 0.25rem; padding-top: 0.125rem; padding-bottom: 0.125rem; line-height: 1.25rem; font-style: italic; white-space-collapse: preserve-breaks;\">gpg --<\/code><\/li>\n<\/ol>\n<pre><code>gpg --verify dinastycoinwalletgui8.3.2b.zip.sha256.asc  dinastycoinwalletgui8.3.2b.zip<\/code><\/pre>\n<ol start=\"3\">\n<li>Verifica l\u2019hash del download:<\/li>\n<\/ol>\n<pre><code>sha256sum -c dinastycoinwalletgui8.3.2b.zip<\/code><\/pre>\n<p>Su windows con powershell puoi usare<\/p>\n<pre style=\"width: 703.328px;\"><code style=\"font-size: 11.44px;\">Get-Filehash dinastycoinwalletgui8.3.2b.zip<\/code><\/pre>\n<p>l risultato di sha256sum o Get-Filehash deve corrispondere a contenuto di\u00a0 dinastycoinwalletgui8.3.2b.zip<\/p>\n<p>Se entrambi i passaggi sono OK, il file scaricato \u00e8 integro e firmato con la chiave ufficiale.<\/p>\n<h2>Codice sorgente (GitHub)<\/h2>\n<ul>\n<li>Core \/ daemon: <a href=\"https:\/\/github.com\/dinastyoffreedom\/dinastycoin-tesla369\" target=\"_blank\" rel=\"noopener noreferrer nofollow\">https:\/\/github.com\/dinastyoffreedom\/dinastycoin-tesla369<\/a><\/li>\n<li>Wallet GUI: <a href=\"https:\/\/github.com\/dinastyoffreedom\/dinastycoin-gui\" target=\"_blank\" rel=\"noopener noreferrer nofollow\">https:\/\/github.com\/dinastyoffreedom\/dinastycoin-gui<\/a><\/li>\n<\/ul>\n","protected":false},"excerpt":{"rendered":"<p>Download ufficiali \u2014 Tesla369 Questa \u00e8 la pagina ufficiale per scaricare i wallet e i binari Tesla369. Per la tua sicurezza, ogni file \u00e8 accompagnato da: SHA256 (integrit\u00e0) Firma GPG (autenticit\u00e0) se hai problemi a scaricare dal sito. puoi usare questo link alternativo dove trovi Wallet Gui per windows e Android (per tablet) e la [&hellip;]<\/p>\n","protected":false},"author":1,"featured_media":0,"parent":0,"menu_order":0,"comment_status":"closed","ping_status":"closed","template":"","meta":{"footnotes":""},"class_list":["post-1786","page","type-page","status-publish","hentry"],"yoast_head":"<!-- This site is optimized with the Yoast SEO plugin v27.5 - https:\/\/yoast.com\/product\/yoast-seo-wordpress\/ -->\n<title>Download Dinastycoin - Dinastycoin<\/title>\n<meta name=\"robots\" content=\"index, follow, max-snippet:-1, max-image-preview:large, max-video-preview:-1\" \/>\n<link rel=\"canonical\" href=\"https:\/\/dinastycoin.com\/en\/download-dinastycoin\/\" \/>\n<meta property=\"og:locale\" content=\"en_GB\" \/>\n<meta property=\"og:type\" content=\"article\" \/>\n<meta property=\"og:title\" content=\"Download Dinastycoin - Dinastycoin\" \/>\n<meta property=\"og:description\" content=\"Download ufficiali \u2014 Tesla369 Questa \u00e8 la pagina ufficiale per scaricare i wallet e i binari Tesla369. Per la tua sicurezza, ogni file \u00e8 accompagnato da: SHA256 (integrit\u00e0) Firma GPG (autenticit\u00e0) se hai problemi a scaricare dal sito. puoi usare questo link alternativo dove trovi Wallet Gui per windows e Android (per tablet) e la [&hellip;]\" \/>\n<meta property=\"og:url\" content=\"https:\/\/dinastycoin.com\/en\/download-dinastycoin\/\" \/>\n<meta property=\"og:site_name\" content=\"Dinastycoin\" \/>\n<meta property=\"article:modified_time\" content=\"2026-05-03T09:46:28+00:00\" \/>\n<meta name=\"twitter:card\" content=\"summary_large_image\" \/>\n<meta name=\"twitter:label1\" content=\"Estimated reading time\" \/>\n\t<meta name=\"twitter:data1\" content=\"3 minutes\" \/>\n<script type=\"application\/ld+json\" class=\"yoast-schema-graph\">{\"@context\":\"https:\\\/\\\/schema.org\",\"@graph\":[{\"@type\":\"WebPage\",\"@id\":\"https:\\\/\\\/dinastycoin.com\\\/download-dinastycoin\\\/\",\"url\":\"https:\\\/\\\/dinastycoin.com\\\/download-dinastycoin\\\/\",\"name\":\"Download Dinastycoin - Dinastycoin\",\"isPartOf\":{\"@id\":\"http:\\\/\\\/dinastycoin.com\\\/#website\"},\"datePublished\":\"2023-07-01T10:07:27+00:00\",\"dateModified\":\"2026-05-03T09:46:28+00:00\",\"breadcrumb\":{\"@id\":\"https:\\\/\\\/dinastycoin.com\\\/download-dinastycoin\\\/#breadcrumb\"},\"inLanguage\":\"en-GB\",\"potentialAction\":[{\"@type\":\"ReadAction\",\"target\":[\"https:\\\/\\\/dinastycoin.com\\\/download-dinastycoin\\\/\"]}]},{\"@type\":\"BreadcrumbList\",\"@id\":\"https:\\\/\\\/dinastycoin.com\\\/download-dinastycoin\\\/#breadcrumb\",\"itemListElement\":[{\"@type\":\"ListItem\",\"position\":1,\"name\":\"Home\",\"item\":\"https:\\\/\\\/dinastycoin.com\\\/\"},{\"@type\":\"ListItem\",\"position\":2,\"name\":\"Download Dinastycoin\"}]},{\"@type\":\"WebSite\",\"@id\":\"http:\\\/\\\/dinastycoin.com\\\/#website\",\"url\":\"http:\\\/\\\/dinastycoin.com\\\/\",\"name\":\"Dinastycoin\",\"description\":\"Dinastycoin crypto sicura anonima e spendibile\",\"publisher\":{\"@id\":\"http:\\\/\\\/dinastycoin.com\\\/#organization\"},\"potentialAction\":[{\"@type\":\"SearchAction\",\"target\":{\"@type\":\"EntryPoint\",\"urlTemplate\":\"http:\\\/\\\/dinastycoin.com\\\/?s={search_term_string}\"},\"query-input\":{\"@type\":\"PropertyValueSpecification\",\"valueRequired\":true,\"valueName\":\"search_term_string\"}}],\"inLanguage\":\"en-GB\"},{\"@type\":\"Organization\",\"@id\":\"http:\\\/\\\/dinastycoin.com\\\/#organization\",\"name\":\"Dinastycoin\",\"url\":\"http:\\\/\\\/dinastycoin.com\\\/\",\"logo\":{\"@type\":\"ImageObject\",\"inLanguage\":\"en-GB\",\"@id\":\"http:\\\/\\\/dinastycoin.com\\\/#\\\/schema\\\/logo\\\/image\\\/\",\"url\":\"https:\\\/\\\/dinastycoin.com\\\/wp-content\\\/uploads\\\/2023\\\/03\\\/cropped-cropped-Logo.png\",\"contentUrl\":\"https:\\\/\\\/dinastycoin.com\\\/wp-content\\\/uploads\\\/2023\\\/03\\\/cropped-cropped-Logo.png\",\"width\":577,\"height\":174,\"caption\":\"Dinastycoin\"},\"image\":{\"@id\":\"http:\\\/\\\/dinastycoin.com\\\/#\\\/schema\\\/logo\\\/image\\\/\"}}]}<\/script>\n<!-- \/ Yoast SEO plugin. -->","yoast_head_json":{"title":"Download Dinastycoin - Dinastycoin","robots":{"index":"index","follow":"follow","max-snippet":"max-snippet:-1","max-image-preview":"max-image-preview:large","max-video-preview":"max-video-preview:-1"},"canonical":"https:\/\/dinastycoin.com\/en\/download-dinastycoin\/","og_locale":"en_GB","og_type":"article","og_title":"Download Dinastycoin - Dinastycoin","og_description":"Download ufficiali \u2014 Tesla369 Questa \u00e8 la pagina ufficiale per scaricare i wallet e i binari Tesla369. Per la tua sicurezza, ogni file \u00e8 accompagnato da: SHA256 (integrit\u00e0) Firma GPG (autenticit\u00e0) se hai problemi a scaricare dal sito. puoi usare questo link alternativo dove trovi Wallet Gui per windows e Android (per tablet) e la [&hellip;]","og_url":"https:\/\/dinastycoin.com\/en\/download-dinastycoin\/","og_site_name":"Dinastycoin","article_modified_time":"2026-05-03T09:46:28+00:00","twitter_card":"summary_large_image","twitter_misc":{"Estimated reading time":"3 minutes"},"schema":{"@context":"https:\/\/schema.org","@graph":[{"@type":"WebPage","@id":"https:\/\/dinastycoin.com\/download-dinastycoin\/","url":"https:\/\/dinastycoin.com\/download-dinastycoin\/","name":"Download Dinastycoin - Dinastycoin","isPartOf":{"@id":"http:\/\/dinastycoin.com\/#website"},"datePublished":"2023-07-01T10:07:27+00:00","dateModified":"2026-05-03T09:46:28+00:00","breadcrumb":{"@id":"https:\/\/dinastycoin.com\/download-dinastycoin\/#breadcrumb"},"inLanguage":"en-GB","potentialAction":[{"@type":"ReadAction","target":["https:\/\/dinastycoin.com\/download-dinastycoin\/"]}]},{"@type":"BreadcrumbList","@id":"https:\/\/dinastycoin.com\/download-dinastycoin\/#breadcrumb","itemListElement":[{"@type":"ListItem","position":1,"name":"Home","item":"https:\/\/dinastycoin.com\/"},{"@type":"ListItem","position":2,"name":"Download Dinastycoin"}]},{"@type":"WebSite","@id":"http:\/\/dinastycoin.com\/#website","url":"http:\/\/dinastycoin.com\/","name":"Dynastycoins","description":"Dynastycoin anonymous and expendable secure crypto","publisher":{"@id":"http:\/\/dinastycoin.com\/#organization"},"potentialAction":[{"@type":"SearchAction","target":{"@type":"EntryPoint","urlTemplate":"http:\/\/dinastycoin.com\/?s={search_term_string}"},"query-input":{"@type":"PropertyValueSpecification","valueRequired":true,"valueName":"search_term_string"}}],"inLanguage":"en-GB"},{"@type":"Organization","@id":"http:\/\/dinastycoin.com\/#organization","name":"Dynastycoins","url":"http:\/\/dinastycoin.com\/","logo":{"@type":"ImageObject","inLanguage":"en-GB","@id":"http:\/\/dinastycoin.com\/#\/schema\/logo\/image\/","url":"https:\/\/dinastycoin.com\/wp-content\/uploads\/2023\/03\/cropped-cropped-Logo.png","contentUrl":"https:\/\/dinastycoin.com\/wp-content\/uploads\/2023\/03\/cropped-cropped-Logo.png","width":577,"height":174,"caption":"Dinastycoin"},"image":{"@id":"http:\/\/dinastycoin.com\/#\/schema\/logo\/image\/"}}]}},"_links":{"self":[{"href":"https:\/\/dinastycoin.com\/en\/wp-json\/wp\/v2\/pages\/1786","targetHints":{"allow":["GET"]}}],"collection":[{"href":"https:\/\/dinastycoin.com\/en\/wp-json\/wp\/v2\/pages"}],"about":[{"href":"https:\/\/dinastycoin.com\/en\/wp-json\/wp\/v2\/types\/page"}],"author":[{"embeddable":true,"href":"https:\/\/dinastycoin.com\/en\/wp-json\/wp\/v2\/users\/1"}],"replies":[{"embeddable":true,"href":"https:\/\/dinastycoin.com\/en\/wp-json\/wp\/v2\/comments?post=1786"}],"version-history":[{"count":4,"href":"https:\/\/dinastycoin.com\/en\/wp-json\/wp\/v2\/pages\/1786\/revisions"}],"predecessor-version":[{"id":2635,"href":"https:\/\/dinastycoin.com\/en\/wp-json\/wp\/v2\/pages\/1786\/revisions\/2635"}],"wp:attachment":[{"href":"https:\/\/dinastycoin.com\/en\/wp-json\/wp\/v2\/media?parent=1786"}],"curies":[{"name":"wp","href":"https:\/\/api.w.org\/{rel}","templated":true}]}}