{"id":1642,"date":"2023-05-12T07:29:31","date_gmt":"2023-05-12T07:29:31","guid":{"rendered":"https:\/\/dinastycoin.com\/?page_id=1642"},"modified":"2023-05-12T07:29:32","modified_gmt":"2023-05-12T07:29:32","slug":"ring-ct","status":"publish","type":"page","link":"https:\/\/dinastycoin.com\/en\/ring-ct\/","title":{"rendered":"Ring CT"},"content":{"rendered":"<p>RingCT, short for Ring Confidential Transactions, is how transaction amounts are hidden in Dinastycoin.<\/p>\n\n\n\n<p>Ring CT was implemented in the block with version 4.11 in 2022, this feature has become mandatory for all transactions on the network.<\/p>\n\n\n\n<p>RingCT introduces an improved version of Ring Signatures called \u201cA Multi-Level Linkable Spontaneous Group Signature\u201d, which enables hidden amounts, origins and destinations of transactions with reasonable efficiency and verifiable and reliable coin generation.<\/p>\n\n\n\n<p>For more information, read the article by creator Shen Noether <a href=\"https:\/\/eprint.iacr.org\/2015\/1098\">here<\/a>.<\/p>","protected":false},"excerpt":{"rendered":"<p>RingCT, abbreviazione di Ring Confidential Transactions, \u00e8 il modo in cui gli importi delle transazioni vengono nascosti in Dinastycoin. Ring CT \u00e8 stato implementato nel blocco con la versione 4.11 nel 2022, questa funzione \u00e8 diventata obbligatoria per tutte le transazioni sulla rete. RingCT introduce una versione migliorata delle firme ad anello chiamata &#8220;Una firma [&hellip;]<\/p>\n","protected":false},"author":1,"featured_media":0,"parent":0,"menu_order":0,"comment_status":"closed","ping_status":"closed","template":"","meta":{"footnotes":""},"class_list":["post-1642","page","type-page","status-publish","hentry"],"yoast_head":"<!-- This site is optimized with the Yoast SEO plugin v27.5 - https:\/\/yoast.com\/product\/yoast-seo-wordpress\/ -->\n<title>Ring CT - Dinastycoin<\/title>\n<meta name=\"robots\" content=\"index, follow, max-snippet:-1, max-image-preview:large, max-video-preview:-1\" \/>\n<link rel=\"canonical\" href=\"https:\/\/dinastycoin.com\/en\/ring-ct\/\" \/>\n<meta property=\"og:locale\" content=\"en_GB\" \/>\n<meta property=\"og:type\" content=\"article\" \/>\n<meta property=\"og:title\" content=\"Ring CT - Dinastycoin\" \/>\n<meta property=\"og:description\" content=\"RingCT, abbreviazione di Ring Confidential Transactions, \u00e8 il modo in cui gli importi delle transazioni vengono nascosti in Dinastycoin. Ring CT \u00e8 stato implementato nel blocco con la versione 4.11 nel 2022, questa funzione \u00e8 diventata obbligatoria per tutte le transazioni sulla rete. RingCT introduce una versione migliorata delle firme ad anello chiamata &#8220;Una firma [&hellip;]\" \/>\n<meta property=\"og:url\" content=\"https:\/\/dinastycoin.com\/en\/ring-ct\/\" \/>\n<meta property=\"og:site_name\" content=\"Dinastycoin\" \/>\n<meta property=\"article:modified_time\" content=\"2023-05-12T07:29:32+00:00\" \/>\n<meta name=\"twitter:card\" content=\"summary_large_image\" \/>\n<meta name=\"twitter:label1\" content=\"Estimated reading time\" \/>\n\t<meta name=\"twitter:data1\" content=\"1 minute\" \/>\n<script type=\"application\/ld+json\" class=\"yoast-schema-graph\">{\"@context\":\"https:\\\/\\\/schema.org\",\"@graph\":[{\"@type\":\"WebPage\",\"@id\":\"https:\\\/\\\/dinastycoin.com\\\/ring-ct\\\/\",\"url\":\"https:\\\/\\\/dinastycoin.com\\\/ring-ct\\\/\",\"name\":\"Ring CT - Dinastycoin\",\"isPartOf\":{\"@id\":\"http:\\\/\\\/dinastycoin.com\\\/#website\"},\"datePublished\":\"2023-05-12T07:29:31+00:00\",\"dateModified\":\"2023-05-12T07:29:32+00:00\",\"breadcrumb\":{\"@id\":\"https:\\\/\\\/dinastycoin.com\\\/ring-ct\\\/#breadcrumb\"},\"inLanguage\":\"en-GB\",\"potentialAction\":[{\"@type\":\"ReadAction\",\"target\":[\"https:\\\/\\\/dinastycoin.com\\\/ring-ct\\\/\"]}]},{\"@type\":\"BreadcrumbList\",\"@id\":\"https:\\\/\\\/dinastycoin.com\\\/ring-ct\\\/#breadcrumb\",\"itemListElement\":[{\"@type\":\"ListItem\",\"position\":1,\"name\":\"Home\",\"item\":\"https:\\\/\\\/dinastycoin.com\\\/\"},{\"@type\":\"ListItem\",\"position\":2,\"name\":\"Ring CT\"}]},{\"@type\":\"WebSite\",\"@id\":\"http:\\\/\\\/dinastycoin.com\\\/#website\",\"url\":\"http:\\\/\\\/dinastycoin.com\\\/\",\"name\":\"Dinastycoin\",\"description\":\"Dinastycoin crypto sicura anonima e spendibile\",\"publisher\":{\"@id\":\"http:\\\/\\\/dinastycoin.com\\\/#organization\"},\"potentialAction\":[{\"@type\":\"SearchAction\",\"target\":{\"@type\":\"EntryPoint\",\"urlTemplate\":\"http:\\\/\\\/dinastycoin.com\\\/?s={search_term_string}\"},\"query-input\":{\"@type\":\"PropertyValueSpecification\",\"valueRequired\":true,\"valueName\":\"search_term_string\"}}],\"inLanguage\":\"en-GB\"},{\"@type\":\"Organization\",\"@id\":\"http:\\\/\\\/dinastycoin.com\\\/#organization\",\"name\":\"Dinastycoin\",\"url\":\"http:\\\/\\\/dinastycoin.com\\\/\",\"logo\":{\"@type\":\"ImageObject\",\"inLanguage\":\"en-GB\",\"@id\":\"http:\\\/\\\/dinastycoin.com\\\/#\\\/schema\\\/logo\\\/image\\\/\",\"url\":\"https:\\\/\\\/dinastycoin.com\\\/wp-content\\\/uploads\\\/2023\\\/03\\\/cropped-cropped-Logo.png\",\"contentUrl\":\"https:\\\/\\\/dinastycoin.com\\\/wp-content\\\/uploads\\\/2023\\\/03\\\/cropped-cropped-Logo.png\",\"width\":577,\"height\":174,\"caption\":\"Dinastycoin\"},\"image\":{\"@id\":\"http:\\\/\\\/dinastycoin.com\\\/#\\\/schema\\\/logo\\\/image\\\/\"}}]}<\/script>\n<!-- \/ Yoast SEO plugin. -->","yoast_head_json":{"title":"Ring CT - Dynastycoin","robots":{"index":"index","follow":"follow","max-snippet":"max-snippet:-1","max-image-preview":"max-image-preview:large","max-video-preview":"max-video-preview:-1"},"canonical":"https:\/\/dinastycoin.com\/en\/ring-ct\/","og_locale":"en_GB","og_type":"article","og_title":"Ring CT - Dinastycoin","og_description":"RingCT, abbreviazione di Ring Confidential Transactions, \u00e8 il modo in cui gli importi delle transazioni vengono nascosti in Dinastycoin. Ring CT \u00e8 stato implementato nel blocco con la versione 4.11 nel 2022, questa funzione \u00e8 diventata obbligatoria per tutte le transazioni sulla rete. RingCT introduce una versione migliorata delle firme ad anello chiamata &#8220;Una firma [&hellip;]","og_url":"https:\/\/dinastycoin.com\/en\/ring-ct\/","og_site_name":"Dinastycoin","article_modified_time":"2023-05-12T07:29:32+00:00","twitter_card":"summary_large_image","twitter_misc":{"Estimated reading time":"1 minute"},"schema":{"@context":"https:\/\/schema.org","@graph":[{"@type":"WebPage","@id":"https:\/\/dinastycoin.com\/ring-ct\/","url":"https:\/\/dinastycoin.com\/ring-ct\/","name":"Ring CT - Dynastycoin","isPartOf":{"@id":"http:\/\/dinastycoin.com\/#website"},"datePublished":"2023-05-12T07:29:31+00:00","dateModified":"2023-05-12T07:29:32+00:00","breadcrumb":{"@id":"https:\/\/dinastycoin.com\/ring-ct\/#breadcrumb"},"inLanguage":"en-GB","potentialAction":[{"@type":"ReadAction","target":["https:\/\/dinastycoin.com\/ring-ct\/"]}]},{"@type":"BreadcrumbList","@id":"https:\/\/dinastycoin.com\/ring-ct\/#breadcrumb","itemListElement":[{"@type":"ListItem","position":1,"name":"Home","item":"https:\/\/dinastycoin.com\/"},{"@type":"ListItem","position":2,"name":"Ring CT"}]},{"@type":"WebSite","@id":"http:\/\/dinastycoin.com\/#website","url":"http:\/\/dinastycoin.com\/","name":"Dynastycoins","description":"Dynastycoin anonymous and expendable secure crypto","publisher":{"@id":"http:\/\/dinastycoin.com\/#organization"},"potentialAction":[{"@type":"SearchAction","target":{"@type":"EntryPoint","urlTemplate":"http:\/\/dinastycoin.com\/?s={search_term_string}"},"query-input":{"@type":"PropertyValueSpecification","valueRequired":true,"valueName":"search_term_string"}}],"inLanguage":"en-GB"},{"@type":"Organization","@id":"http:\/\/dinastycoin.com\/#organization","name":"Dynastycoins","url":"http:\/\/dinastycoin.com\/","logo":{"@type":"ImageObject","inLanguage":"en-GB","@id":"http:\/\/dinastycoin.com\/#\/schema\/logo\/image\/","url":"https:\/\/dinastycoin.com\/wp-content\/uploads\/2023\/03\/cropped-cropped-Logo.png","contentUrl":"https:\/\/dinastycoin.com\/wp-content\/uploads\/2023\/03\/cropped-cropped-Logo.png","width":577,"height":174,"caption":"Dinastycoin"},"image":{"@id":"http:\/\/dinastycoin.com\/#\/schema\/logo\/image\/"}}]}},"_links":{"self":[{"href":"https:\/\/dinastycoin.com\/en\/wp-json\/wp\/v2\/pages\/1642","targetHints":{"allow":["GET"]}}],"collection":[{"href":"https:\/\/dinastycoin.com\/en\/wp-json\/wp\/v2\/pages"}],"about":[{"href":"https:\/\/dinastycoin.com\/en\/wp-json\/wp\/v2\/types\/page"}],"author":[{"embeddable":true,"href":"https:\/\/dinastycoin.com\/en\/wp-json\/wp\/v2\/users\/1"}],"replies":[{"embeddable":true,"href":"https:\/\/dinastycoin.com\/en\/wp-json\/wp\/v2\/comments?post=1642"}],"version-history":[{"count":1,"href":"https:\/\/dinastycoin.com\/en\/wp-json\/wp\/v2\/pages\/1642\/revisions"}],"predecessor-version":[{"id":1643,"href":"https:\/\/dinastycoin.com\/en\/wp-json\/wp\/v2\/pages\/1642\/revisions\/1643"}],"wp:attachment":[{"href":"https:\/\/dinastycoin.com\/en\/wp-json\/wp\/v2\/media?parent=1642"}],"curies":[{"name":"wp","href":"https:\/\/api.w.org\/{rel}","templated":true}]}}