{"id":1601,"date":"2023-05-02T09:33:09","date_gmt":"2023-05-02T09:33:09","guid":{"rendered":"https:\/\/dinastycoin.com\/?page_id=1601"},"modified":"2023-05-02T09:33:09","modified_gmt":"2023-05-02T09:33:09","slug":"white-paper-dinastycoin-dcy","status":"publish","type":"page","link":"https:\/\/dinastycoin.com\/en\/white-paper-dinastycoin-dcy\/","title":{"rendered":"Dynastycoin (DCY) white paper"},"content":{"rendered":"<p>.<\/p>\n\n\n\n<p class=\"has-medium-font-size\"><strong>DINASTYCOIN\u2013 Private digital currency<\/strong><br>Dynastycoin is money for a connected world. It&#039;s fast, private and secure. With <strong>Dynastycoins <\/strong>, you are your bank. You can spend with confidence, knowing that others can&#039;t see your balances or monitor your activity.<br><strong> <\/strong><\/p>\n\n\n\n<p class=\"has-medium-font-size\"><mark><strong>Why Dynastycoin is different<\/strong><\/mark><br><strong>Dynastycoin is safe<\/strong><br><strong>Dynastycoins <\/strong>it is a decentralized cryptocurrency, which means it is secure digital money managed by a network of users. Transactions are confirmed by distributed consensus and thus immutably recorded on the blockchain. You don&#039;t need to trust any third party to protect yours <strong>Dynastycoins <\/strong>.<br><strong><mark style=\"background-color:#fcb900\" class=\"has-inline-color\">No surveillance<\/mark><\/strong><br><strong>Dynastycoin is private<\/strong><br><strong>Dynastycoins <\/strong>uses ring signatures, confidential transactions and stealth addresses to obfuscate the origins, amounts and destinations of all transactions. Dinastycoin offers all the benefits of a decentralized cryptocurrency, without any of the typical privacy concessions.<br><strong><mark style=\"background-color:#fcb900\" class=\"has-inline-color\">Dynastycoin is not traceable<\/mark><\/strong><br>Sending and receiving addresses and transaction amounts are obfuscated by default. Transactions on the Dynastycoin blockchain cannot be linked to any particular real-world user or identity.<br><mark style=\"background-color:#fcb900\" class=\"has-inline-color\">Dynastycoin is fungible<\/mark><br>Dynastycoin is fungible because it is private by default. Units of Dynastycoin cannot be blacklisted by sellers or exchanges due to their association in previous transactions.<br>Dinastycoin was originally created starting from the CryptoNote model. Here is the abstract of the white paper:<\/p>\n\n\n\n<div class=\"_df_book df-lite\" id=\"df_1604\"  _slug=\"white-paper-dinastycoin\" data-title=\"white-paper-dinastycoin\" wpoptions=\"true\" thumb=\"https:\/\/dinastycoin.com\/wp-content\/uploads\/2023\/05\/whitepaper-pdf-212x300-1.jpg\" thumbtype=\"\" ><\/div><script class=\"df-shortcode-script\" nowprocket type=\"application\/javascript\">window.option_df_1604 = {\"outline\":[],\"autoEnableOutline\":\"false\",\"autoEnableThumbnail\":\"false\",\"overwritePDFOutline\":\"false\",\"direction\":\"1\",\"pageSize\":\"0\",\"source\":\"https:\\\/\\\/dinastycoin.com\\\/wp-content\\\/uploads\\\/2023\\\/05\\\/whitepaper.pdf\",\"wpOptions\":\"true\"}; if(window.DFLIP && window.DFLIP.parseBooks){window.DFLIP.parseBooks();}<\/script>\n\n\n\n<p><\/p>","protected":false},"excerpt":{"rendered":"<p>. DINASTYCOIN\u2013 Valuta digitale privataDinastycoin \u00e8 denaro per un mondo connesso. \u00c8 veloce, privato e sicuro. Con Dinastycoin , sei la tua banca. Puoi spendere in sicurezza, sapendo che gli altri non possono vedere i tuoi saldi o monitorare la tua attivit\u00e0. Perch\u00e9 Dinastycoin \u00e8 diversoDinastycoin \u00e8 sicuroDinastycoin \u00e8 una criptovaluta decentralizzata, il che significa [&hellip;]<\/p>\n","protected":false},"author":1,"featured_media":0,"parent":0,"menu_order":0,"comment_status":"closed","ping_status":"closed","template":"","meta":{"footnotes":""},"class_list":["post-1601","page","type-page","status-publish","hentry"],"yoast_head":"<!-- This site is optimized with the Yoast SEO plugin v27.4 - https:\/\/yoast.com\/product\/yoast-seo-wordpress\/ -->\n<title>white paper Dinastycoin (DCY) - Dinastycoin<\/title>\n<meta name=\"robots\" content=\"index, follow, max-snippet:-1, max-image-preview:large, max-video-preview:-1\" \/>\n<link rel=\"canonical\" href=\"https:\/\/dinastycoin.com\/en\/white-paper-dinastycoin-dcy\/\" \/>\n<meta property=\"og:locale\" content=\"en_GB\" \/>\n<meta property=\"og:type\" content=\"article\" \/>\n<meta property=\"og:title\" content=\"white paper Dinastycoin (DCY) - Dinastycoin\" \/>\n<meta property=\"og:description\" content=\". DINASTYCOIN\u2013 Valuta digitale privataDinastycoin \u00e8 denaro per un mondo connesso. \u00c8 veloce, privato e sicuro. Con Dinastycoin , sei la tua banca. Puoi spendere in sicurezza, sapendo che gli altri non possono vedere i tuoi saldi o monitorare la tua attivit\u00e0. Perch\u00e9 Dinastycoin \u00e8 diversoDinastycoin \u00e8 sicuroDinastycoin \u00e8 una criptovaluta decentralizzata, il che significa [&hellip;]\" \/>\n<meta property=\"og:url\" content=\"https:\/\/dinastycoin.com\/en\/white-paper-dinastycoin-dcy\/\" \/>\n<meta property=\"og:site_name\" content=\"Dinastycoin\" \/>\n<meta name=\"twitter:card\" content=\"summary_large_image\" \/>\n<meta name=\"twitter:label1\" content=\"Estimated reading time\" \/>\n\t<meta name=\"twitter:data1\" content=\"2 minutes\" \/>\n<script type=\"application\/ld+json\" class=\"yoast-schema-graph\">{\"@context\":\"https:\\\/\\\/schema.org\",\"@graph\":[{\"@type\":\"WebPage\",\"@id\":\"https:\\\/\\\/dinastycoin.com\\\/white-paper-dinastycoin-dcy\\\/\",\"url\":\"https:\\\/\\\/dinastycoin.com\\\/white-paper-dinastycoin-dcy\\\/\",\"name\":\"white paper Dinastycoin (DCY) - Dinastycoin\",\"isPartOf\":{\"@id\":\"http:\\\/\\\/dinastycoin.com\\\/#website\"},\"datePublished\":\"2023-05-02T09:33:09+00:00\",\"breadcrumb\":{\"@id\":\"https:\\\/\\\/dinastycoin.com\\\/white-paper-dinastycoin-dcy\\\/#breadcrumb\"},\"inLanguage\":\"en-GB\",\"potentialAction\":[{\"@type\":\"ReadAction\",\"target\":[\"https:\\\/\\\/dinastycoin.com\\\/white-paper-dinastycoin-dcy\\\/\"]}]},{\"@type\":\"BreadcrumbList\",\"@id\":\"https:\\\/\\\/dinastycoin.com\\\/white-paper-dinastycoin-dcy\\\/#breadcrumb\",\"itemListElement\":[{\"@type\":\"ListItem\",\"position\":1,\"name\":\"Home\",\"item\":\"https:\\\/\\\/dinastycoin.com\\\/\"},{\"@type\":\"ListItem\",\"position\":2,\"name\":\"white paper Dinastycoin (DCY)\"}]},{\"@type\":\"WebSite\",\"@id\":\"http:\\\/\\\/dinastycoin.com\\\/#website\",\"url\":\"http:\\\/\\\/dinastycoin.com\\\/\",\"name\":\"Dinastycoin\",\"description\":\"Dinastycoin crypto sicura anonima e spendibile\",\"publisher\":{\"@id\":\"http:\\\/\\\/dinastycoin.com\\\/#organization\"},\"potentialAction\":[{\"@type\":\"SearchAction\",\"target\":{\"@type\":\"EntryPoint\",\"urlTemplate\":\"http:\\\/\\\/dinastycoin.com\\\/?s={search_term_string}\"},\"query-input\":{\"@type\":\"PropertyValueSpecification\",\"valueRequired\":true,\"valueName\":\"search_term_string\"}}],\"inLanguage\":\"en-GB\"},{\"@type\":\"Organization\",\"@id\":\"http:\\\/\\\/dinastycoin.com\\\/#organization\",\"name\":\"Dinastycoin\",\"url\":\"http:\\\/\\\/dinastycoin.com\\\/\",\"logo\":{\"@type\":\"ImageObject\",\"inLanguage\":\"en-GB\",\"@id\":\"http:\\\/\\\/dinastycoin.com\\\/#\\\/schema\\\/logo\\\/image\\\/\",\"url\":\"https:\\\/\\\/dinastycoin.com\\\/wp-content\\\/uploads\\\/2023\\\/03\\\/cropped-cropped-Logo.png\",\"contentUrl\":\"https:\\\/\\\/dinastycoin.com\\\/wp-content\\\/uploads\\\/2023\\\/03\\\/cropped-cropped-Logo.png\",\"width\":577,\"height\":174,\"caption\":\"Dinastycoin\"},\"image\":{\"@id\":\"http:\\\/\\\/dinastycoin.com\\\/#\\\/schema\\\/logo\\\/image\\\/\"}}]}<\/script>\n<!-- \/ Yoast SEO plugin. -->","yoast_head_json":{"title":"white paper Dinastycoin (DCY) - Dinastycoin","robots":{"index":"index","follow":"follow","max-snippet":"max-snippet:-1","max-image-preview":"max-image-preview:large","max-video-preview":"max-video-preview:-1"},"canonical":"https:\/\/dinastycoin.com\/en\/white-paper-dinastycoin-dcy\/","og_locale":"en_GB","og_type":"article","og_title":"white paper Dinastycoin (DCY) - Dinastycoin","og_description":". DINASTYCOIN\u2013 Valuta digitale privataDinastycoin \u00e8 denaro per un mondo connesso. \u00c8 veloce, privato e sicuro. Con Dinastycoin , sei la tua banca. Puoi spendere in sicurezza, sapendo che gli altri non possono vedere i tuoi saldi o monitorare la tua attivit\u00e0. Perch\u00e9 Dinastycoin \u00e8 diversoDinastycoin \u00e8 sicuroDinastycoin \u00e8 una criptovaluta decentralizzata, il che significa [&hellip;]","og_url":"https:\/\/dinastycoin.com\/en\/white-paper-dinastycoin-dcy\/","og_site_name":"Dinastycoin","twitter_card":"summary_large_image","twitter_misc":{"Estimated reading time":"2 minutes"},"schema":{"@context":"https:\/\/schema.org","@graph":[{"@type":"WebPage","@id":"https:\/\/dinastycoin.com\/white-paper-dinastycoin-dcy\/","url":"https:\/\/dinastycoin.com\/white-paper-dinastycoin-dcy\/","name":"white paper Dinastycoin (DCY) - Dinastycoin","isPartOf":{"@id":"http:\/\/dinastycoin.com\/#website"},"datePublished":"2023-05-02T09:33:09+00:00","breadcrumb":{"@id":"https:\/\/dinastycoin.com\/white-paper-dinastycoin-dcy\/#breadcrumb"},"inLanguage":"en-GB","potentialAction":[{"@type":"ReadAction","target":["https:\/\/dinastycoin.com\/white-paper-dinastycoin-dcy\/"]}]},{"@type":"BreadcrumbList","@id":"https:\/\/dinastycoin.com\/white-paper-dinastycoin-dcy\/#breadcrumb","itemListElement":[{"@type":"ListItem","position":1,"name":"Home","item":"https:\/\/dinastycoin.com\/"},{"@type":"ListItem","position":2,"name":"white paper Dinastycoin (DCY)"}]},{"@type":"WebSite","@id":"http:\/\/dinastycoin.com\/#website","url":"http:\/\/dinastycoin.com\/","name":"Dynastycoins","description":"Dynastycoin anonymous and expendable secure crypto","publisher":{"@id":"http:\/\/dinastycoin.com\/#organization"},"potentialAction":[{"@type":"SearchAction","target":{"@type":"EntryPoint","urlTemplate":"http:\/\/dinastycoin.com\/?s={search_term_string}"},"query-input":{"@type":"PropertyValueSpecification","valueRequired":true,"valueName":"search_term_string"}}],"inLanguage":"en-GB"},{"@type":"Organization","@id":"http:\/\/dinastycoin.com\/#organization","name":"Dynastycoins","url":"http:\/\/dinastycoin.com\/","logo":{"@type":"ImageObject","inLanguage":"en-GB","@id":"http:\/\/dinastycoin.com\/#\/schema\/logo\/image\/","url":"https:\/\/dinastycoin.com\/wp-content\/uploads\/2023\/03\/cropped-cropped-Logo.png","contentUrl":"https:\/\/dinastycoin.com\/wp-content\/uploads\/2023\/03\/cropped-cropped-Logo.png","width":577,"height":174,"caption":"Dinastycoin"},"image":{"@id":"http:\/\/dinastycoin.com\/#\/schema\/logo\/image\/"}}]}},"_links":{"self":[{"href":"https:\/\/dinastycoin.com\/en\/wp-json\/wp\/v2\/pages\/1601","targetHints":{"allow":["GET"]}}],"collection":[{"href":"https:\/\/dinastycoin.com\/en\/wp-json\/wp\/v2\/pages"}],"about":[{"href":"https:\/\/dinastycoin.com\/en\/wp-json\/wp\/v2\/types\/page"}],"author":[{"embeddable":true,"href":"https:\/\/dinastycoin.com\/en\/wp-json\/wp\/v2\/users\/1"}],"replies":[{"embeddable":true,"href":"https:\/\/dinastycoin.com\/en\/wp-json\/wp\/v2\/comments?post=1601"}],"version-history":[{"count":3,"href":"https:\/\/dinastycoin.com\/en\/wp-json\/wp\/v2\/pages\/1601\/revisions"}],"predecessor-version":[{"id":1608,"href":"https:\/\/dinastycoin.com\/en\/wp-json\/wp\/v2\/pages\/1601\/revisions\/1608"}],"wp:attachment":[{"href":"https:\/\/dinastycoin.com\/en\/wp-json\/wp\/v2\/media?parent=1601"}],"curies":[{"name":"wp","href":"https:\/\/api.w.org\/{rel}","templated":true}]}}